{"id":877,"date":"2025-11-15T14:58:40","date_gmt":"2025-11-15T12:58:40","guid":{"rendered":"https:\/\/saunas4ukraine.org\/?page_id=877"},"modified":"2025-12-09T20:05:05","modified_gmt":"2025-12-09T18:05:05","slug":"meedia","status":"publish","type":"page","link":"https:\/\/saunas4ukraine.org\/et\/meedia\/","title":{"rendered":"Meie meedias"},"content":{"rendered":"\n<ul style=\"font-size:clamp(14px, 0.875rem + ((1vw - 3.2px) * 0.392), 18px);line-height:1.8\" class=\"wp-block-list\">\n<li><a href=\"https:\/\/www.youtube.com\/watch?v=E9HcN_Wh2sU\" target=\"_blank\" rel=\"noreferrer noopener\">TV3 uudised (osa 3): Eesti vabatahtlikud viisid rindejoonele saunad ning \u00fches sellega ka lootuse<\/a> &#8211; TV3, 03.12.2025<\/li>\n\n\n\n<li><a href=\"https:\/\/www.youtube.com\/watch?v=nvbSSHnGhpE&amp;t=5s\" target=\"_blank\" rel=\"noreferrer noopener\">TV3 uudised (osa 2): 1100 km katsumusi! Sander Terrase teekond n\u00e4itab, miks Eesti abi Ukrainale ei rauge<\/a> &#8211; TV3, 03.12.2025<\/li>\n\n\n\n<li><a href=\"https:\/\/www.youtube.com\/watch?v=qDO9PKtNfxA&amp;list=PLbUduVn5WCZkvRLNA7cQsBrhvouxoGYj8&amp;index=34&amp;t=20s\" target=\"_blank\" rel=\"noreferrer noopener\">TV3 uudised (osa 1): saunad Ukrainasse ehk 50 tundi katsumusi ja s\u00f5durite siiras t\u00e4nutunne <\/a>&#8211; TV3, 02.12.2025<\/li>\n\n\n\n<li><a href=\"https:\/\/tartu.postimees.ee\/8353265\/pildid-ukraina-sodurid-saavad-tartust-juba-kaheksanda-ja-uheksanda-sauna?\" target=\"_blank\" rel=\"noreferrer noopener\">PILDID&nbsp;\u27e9&nbsp;Ukraina s\u00f5durid saavad Tartust juba kaheksanda ja \u00fcheksanda sauna<\/a> &#8211; Tartu Postimees, 31.10.2025<\/li>\n\n\n\n<li><a href=\"https:\/\/kuku.pleier.ee\/podcast\/kuku-parastlouna\/264082\" target=\"_blank\" rel=\"noreferrer noopener\">Kuku p\u00e4rastl\u00f5una: Brit Mesipuu, Peeter Kiuru. Saunad Ukrainasse<\/a>&nbsp;\u2013 Kuku Raadio, 31.10.2025<\/li>\n\n\n\n<li><a href=\"https:\/\/maaleht.delfi.ee\/artikkel\/120394900\/saun-paastab-elusid-eestlaste-saun-aitab-ukrainlastel-sodida-samavord-kui-relvad-ja-droonid\" target=\"_blank\" rel=\"noreferrer noopener\">\u201eSaun p\u00e4\u00e4stab elusid!\u201c Eestlaste saun aitab ukrainlastel s\u00f5dida samav\u00f5rd kui relvad ja droonid<\/a>&nbsp;\u2013 Maaleht, 06.08.2025<\/li>\n\n\n\n<li><a href=\"https:\/\/www.postimees.ee\/8289444\/ukraina-rindele-saunu-viiv-vabatahtlik-pikas-konfliktis-on-hugieen-sama-oluline-kui-relvastus\" target=\"_blank\" rel=\"noreferrer noopener\">Ukraina rindele saunu viiv vabatahtlik: pikas konfliktis on h\u00fcgieen sama oluline kui relvastus<\/a>&nbsp;\u2013 Postimees, 28.07.2025<\/li>\n\n\n\n<li><a href=\"https:\/\/arvamus.postimees.ee\/8286683\/brit-mesipuu-vabatahtlik-too-pole-tasuta-orjatoo-vaid-viis-enda-usaldusvaarsust-toestada\/\" target=\"_blank\" rel=\"noreferrer noopener\">BRIT MESIPUU&nbsp;\u27e9&nbsp;Vabatahtlik t\u00f6\u00f6 pole tasuta orjat\u00f6\u00f6, vaid viis enda usaldusv\u00e4\u00e4rsust t\u00f5estada<\/a>&nbsp;\u2013 Postimees, 16.07.2025<\/li>\n\n\n\n<li><a href=\"https:\/\/www.err.ee\/1609741839\/ukrainas-sodiv-eestlane-sojaga-harjub-ara\" target=\"_blank\" rel=\"noreferrer noopener\">Ukrainas s\u00f5div eestlane: s\u00f5jaga harjub \u00e4ra<\/a>&nbsp;\u2013 ERR, 09.07.2025<\/li>\n\n\n\n<li><a href=\"https:\/\/maailm.postimees.ee\/8270721\/video-eestlased-kiievis-vene-raketirahe-all-kuulsime-pauke-taevas-oli-varve-ja-lendavaid-asju\" target=\"_blank\" rel=\"noreferrer noopener\">VIDEO&nbsp;\u27e9&nbsp;Eestlased Kiievis Vene raketirahe all: \u00abKuulsime pauke, taevas oli v\u00e4rve ja lendavaid asju!\u00bb<\/a>&nbsp;\u2013 17.06.2025<\/li>\n\n\n\n<li><a href=\"https:\/\/tartu.postimees.ee\/8268736\/seitsmes-saunakompleks-alustas-tartumaalt-ukraina-poole-teed-kolonnis-soidab-neli-autot\" target=\"_blank\" rel=\"noreferrer noopener\">Seitsmes saunakompleks alustas Tartumaalt Ukraina poole teed, kolonnis s\u00f5idab neli autot<\/a>&nbsp;\u2013 Postimees, 14.06.2025<\/li>\n\n\n\n<li><a href=\"https:\/\/www.ohtuleht.ee\/1132625\/leilirahu-soja-keskmes-seitsmes-saun-jouab-varsti-eesti-soduriteni-ukrainas\" target=\"_blank\" rel=\"noreferrer noopener\">Leilirahu s\u00f5ja keskmes: seitsmes saun j\u00f5uab varsti Eesti s\u00f5duriteni Ukrainas<\/a>&nbsp;\u2013 \u00d5htuleht, 05.06.2025<\/li>\n\n\n\n<li><a href=\"https:\/\/tartu.postimees.ee\/8258773\/peipsiaare-mehed-proovisid-ukraina-voitlejatele-mineva-sauna-oma-nahal-jarele\" target=\"_blank\" rel=\"noreferrer noopener\">Peipsi\u00e4\u00e4re mehed proovisid Ukraina v\u00f5itlejatele mineva sauna oma nahal j\u00e4rele<\/a> &#8211; Tartu Postimees, 30.05.2025<\/li>\n\n\n\n<li><a href=\"https:\/\/jupiter.err.ee\/1609709814\/saun-ukrainasse\" target=\"_blank\" rel=\"noreferrer noopener\">Ringvaade:&nbsp;Saun Ukrainasse<\/a> &#8211; ERR, 29.05.2025<\/li>\n\n\n\n<li><a href=\"https:\/\/kuku.pleier.ee\/podcast\/sihik\/211686\" target=\"_blank\" rel=\"noreferrer noopener\">Siim Nellis. Projekt &#8220;Saunad Ukrainasse&#8221;<\/a> &#8211; Kuku Raadio, 28.05.2025<\/li>\n\n\n\n<li><a href=\"https:\/\/forte.delfi.ee\/artikkel\/120355581\/reportaaz-kuidas-me-16-8-meetrise-saunaga-ukrainasse-soitsime\" target=\"_blank\" rel=\"noreferrer noopener\">REPORTAA\u017d | Kuidas me 16,8-meetrise saunaga Ukrainasse s\u00f5itsime&nbsp;<\/a>&#8211; Delfi, 10.02.2025<\/li>\n\n\n\n<li><a href=\"https:\/\/www.tv3.ee\/tv3telekanal\/tv3-uudised\/mtu-saunad-ukrainasse-saatsid-kiievisse-juba-kuuenda-sauna\/\" target=\"_blank\" rel=\"noreferrer noopener\">MT\u00dc saunad Ukrainasse saatsid Kiievisse juba kuuenda sauna<\/a> &#8211; TV3, 22.01.2025<\/li>\n\n\n\n<li><a href=\"https:\/\/www.err.ee\/1609580134\/eestlased-saatsid-ukrainasse-sauna\" target=\"_blank\" rel=\"noreferrer noopener\">Eestlased saatsid Ukrainasse sauna<\/a> &#8211; ERR, 18.01.2025<\/li>\n\n\n\n<li><a href=\"https:\/\/www.ohtuleht.ee\/1121773\/grupp-eesti-inimesi-viib-ukraina-rindel-voitlejatele-ratastel-saunasid\" target=\"_blank\" rel=\"noreferrer noopener\">Grupp Eesti inimesi viib Ukraina rindel v\u00f5itlejatele ratastel saunasid<\/a>&nbsp;&#8211; \u00d5htuleht, 02.01.2025<\/li>\n\n\n\n<li><a href=\"https:\/\/tartu.postimees.ee\/8156335\/peipsiaare-rahvas-aitab-ukraina-soduritel-saunas-voitlusvoimet-tosta\" target=\"_blank\" rel=\"noreferrer noopener\">Peipsi\u00e4\u00e4re rahvas aitab Ukraina s\u00f5duritel saunas v\u00f5itlusv\u00f5imet t\u00f5sta<\/a> &#8211; Tartu Postimees, 18.12.2024<\/li>\n\n\n\n<li><a href=\"https:\/\/ruutfm.treraadio.ee\/kordus\/14300\/hommikuintervjuu-tanel-kuningas-saunad-ukrainasse\" target=\"_blank\" rel=\"noreferrer noopener\">HOMMIKUINTERVJUU: TANEL KUNINGAS, Saunad Ukrainasse<\/a> &#8211; Ring FM, 20.11.2024<\/li>\n\n\n\n<li><a href=\"https:\/\/jupiter.err.ee\/1609314189\/eesti-saunad-ukrainasse\" target=\"_blank\" rel=\"noreferrer noopener\">Terevisioon:&nbsp;Eesti saunad Ukrainasse<\/a> &#8211; ERR, 15.04.2024<\/li>\n\n\n\n<li><a href=\"https:\/\/maaleht.delfi.ee\/artikkel\/120161298\/ukrainasse-saadetud-saunaauto-juht-las-tagalas-tootavad-need-kes-on-haavata-saanud-voi-muidu-vanad-ja-podurad\" target=\"_blank\" rel=\"noreferrer noopener\">Ukrainasse saadetud saunaauto juht: \u201eLas tagalas t\u00f6\u00f6tavad need, kes on haavata saanud v\u00f5i muidu vanad ja p\u00f5durad\u201c<\/a> &#8211; Maaleht, 22.03.23<\/li>\n\n\n\n<li><a href=\"https:\/\/maaleht.delfi.ee\/artikkel\/120158944\/fotod-juba-teine-mtu-saunad-ukrainasse-saatis-rindele-jargmise-sauna\" target=\"_blank\" rel=\"noreferrer noopener\">FOTOD | Juba teine: MT\u00dc Saunad Ukrainasse saatis rindele j\u00e4rgmise sauna<\/a> &#8211; Maaleht, 17.03.2023<\/li>\n\n\n\n<li><a href=\"https:\/\/tartu.postimees.ee\/7733799\/jargmine-eestis-toodetud-sauna-ja-pesumaja-kompleks-viiakse-ukraina-rindele\" target=\"_blank\" rel=\"noreferrer noopener\">J\u00e4rgmine Eestis toodetud sauna ja pesumaja kompleks viiakse Ukraina rindele<\/a> &#8211; Tartu Postimees, 16.03.2023<\/li>\n\n\n\n<li><a href=\"https:\/\/maaleht.delfi.ee\/artikkel\/120155914\/hea-algatus-kuta-saun-soojaks-kutsu-sobrad-kulla-ja-toeta-saunade-saatmist-ukrainasse\" target=\"_blank\" rel=\"noreferrer noopener\">HEA ALGATUS | K\u00fcta saun soojaks, kutsu s\u00f5brad k\u00fclla ja toeta saunade saatmist Ukrainasse<\/a> &#8211; Maaleht, 11.03.2023<\/li>\n\n\n\n<li><a href=\"https:\/\/maaleht.delfi.ee\/artikkel\/120147722\/uus-saunakompleks-ukraina-voitlejatele-valmib-juba-martsi-alguseks-ja-laheb-krimmitatarlastele\" target=\"_blank\" rel=\"noreferrer noopener\">Uus saunakompleks Ukraina v\u00f5itlejatele valmib juba m\u00e4rtsi alguseks ja l\u00e4heb krimmitatarlastele<\/a> &#8211; Maaleht, 24.02.2023<\/li>\n\n\n\n<li><a href=\"https:\/\/lounapostimees.postimees.ee\/7707467\/eesti-saunatootjad-uhinesid-algatuses-saunad-ukrainasse\" target=\"_blank\" rel=\"noreferrer noopener\">Eesti saunatootjad \u00fchinesid algatuses \u201eSaunad Ukrainasse\u201c<\/a> &#8211; L\u00f5una-Eesti Postimees, 07.02.2023<\/li>\n\n\n\n<li><a href=\"https:\/\/tartu.postimees.ee\/7672754\/galerii-ja-video-ukraina-sodurid-peavad-eesti-sauna-venelaste-eest-hoolikalt-ara-peitma\" target=\"_blank\" rel=\"noreferrer noopener\">GALERII JA VIDEO&nbsp;\u27e9&nbsp;Ukraina s\u00f5durid peavad Eesti sauna venelaste eest hoolikalt \u00e4ra peitma<\/a> &#8211; Tartu Postimees, 19.12.2022<\/li>\n\n\n\n<li><a href=\"https:\/\/www.err.ee\/1608823891\/eestist-saadetakse-ukraina-soduritele-liikuv-saun-ja-pesumaja\" target=\"_blank\" rel=\"noreferrer noopener\">Eestist saadetakse Ukraina s\u00f5duritele liikuv saun ja pesumaja<\/a> &#8211; ERR, 17.12.2022<\/li>\n<\/ul>\n\n\n<div class=\"g-floating-gallery flex justify-center items-start group\/all pt-12 mt-20\"><a class=\"max-w-[317px] z-10 group w-full flex-1\" href=\"https:\/\/saunas4ukraine.org\/wp-content\/uploads\/2025\/11\/8.saun_.jpg\"><div class=\"max-w-[317px] pb-[85.5%] group-hover\/all:grayscale hover:!grayscale-0 hover:scale-110 butter duration-200 hover:z-50 hover:shadow-lg cursor-pointer bg-black bg-opacity-50 rounded-md group-even:mt-24 relative overflow-hidden shadow-sm\"><img loading=\"lazy\" decoding=\"async\" class=\"absolute inset-0 h-full w-full object-cover object-center\" width=\"317\" height=\"271\" src=\"https:\/\/saunas4ukraine.org\/wp-content\/uploads\/fly-images\/1088\/8.saun_-317x271-c.jpg\" alt=\"8.saun\" draggable=\"false\"\/><\/div><\/a><a class=\"max-w-[460px] -ml-24 w-[200%] group w-full flex-1\" href=\"https:\/\/saunas4ukraine.org\/wp-content\/uploads\/2025\/11\/Kallistused.jpg\"><div class=\"max-w-[460px] pb-[98.2%] group-hover\/all:grayscale hover:!grayscale-0 hover:scale-110 butter duration-200 hover:z-50 hover:shadow-lg cursor-pointer bg-black bg-opacity-50 rounded-md group-even:mt-24 relative overflow-hidden shadow-sm\"><img loading=\"lazy\" decoding=\"async\" class=\"absolute inset-0 h-full w-full object-cover object-center\" width=\"450\" height=\"450\" src=\"https:\/\/saunas4ukraine.org\/wp-content\/uploads\/fly-images\/955\/Kallistused-460x452-c.jpg\" alt=\"Kallistused\" draggable=\"false\"\/><\/div><\/a><a class=\"max-w-[390px] -ml-24 w-[200%] group w-full flex-1\" href=\"https:\/\/saunas4ukraine.org\/wp-content\/uploads\/2025\/11\/Siim.jpg\"><div class=\"max-w-[390px] pb-[74.6%] group-hover\/all:grayscale hover:!grayscale-0 hover:scale-110 butter duration-200 hover:z-50 hover:shadow-lg cursor-pointer bg-black bg-opacity-50 rounded-md group-even:mt-24 relative overflow-hidden shadow-sm\"><img loading=\"lazy\" decoding=\"async\" class=\"absolute inset-0 h-full w-full object-cover object-center\" width=\"390\" height=\"291\" src=\"https:\/\/saunas4ukraine.org\/wp-content\/uploads\/fly-images\/1082\/Siim-390x291-c.jpg\" alt=\"Siim\" draggable=\"false\"\/><\/div><\/a><a class=\"max-w-[317px] -ml-24 w-[200%] group w-full flex-1\" href=\"https:\/\/saunas4ukraine.org\/wp-content\/uploads\/2025\/11\/President.jpg\"><div class=\"max-w-[317px] pb-[85.5%] group-hover\/all:grayscale hover:!grayscale-0 hover:scale-110 butter duration-200 hover:z-50 hover:shadow-lg cursor-pointer bg-black bg-opacity-50 rounded-md group-even:mt-24 relative overflow-hidden shadow-sm\"><img loading=\"lazy\" decoding=\"async\" class=\"absolute inset-0 h-full w-full object-cover object-center\" width=\"317\" height=\"271\" src=\"https:\/\/saunas4ukraine.org\/wp-content\/uploads\/fly-images\/1085\/President-317x271-c.jpg\" alt=\"President\" draggable=\"false\"\/><\/div><\/a><\/div>","protected":false},"excerpt":{"rendered":"<p>TV3 uudised (osa 3): Eesti vabatahtlikud viisid rindejoonele saunad ning \u00fches sellega ka lootuse &#8211; TV3, 03.12.2025 TV3 uudised (osa 2):\u2026<\/p>\n","protected":false},"author":6,"featured_media":0,"parent":0,"menu_order":3,"comment_status":"closed","ping_status":"closed","template":"","meta":{"_acf_changed":false,"footnotes":""},"class_list":["post-877","page","type-page","status-publish","hentry"],"acf":[],"_links":{"self":[{"href":"https:\/\/saunas4ukraine.org\/et\/wp-json\/wp\/v2\/pages\/877","targetHints":{"allow":["GET"]}}],"collection":[{"href":"https:\/\/saunas4ukraine.org\/et\/wp-json\/wp\/v2\/pages"}],"about":[{"href":"https:\/\/saunas4ukraine.org\/et\/wp-json\/wp\/v2\/types\/page"}],"author":[{"embeddable":true,"href":"https:\/\/saunas4ukraine.org\/et\/wp-json\/wp\/v2\/users\/6"}],"replies":[{"embeddable":true,"href":"https:\/\/saunas4ukraine.org\/et\/wp-json\/wp\/v2\/comments?post=877"}],"version-history":[{"count":60,"href":"https:\/\/saunas4ukraine.org\/et\/wp-json\/wp\/v2\/pages\/877\/revisions"}],"predecessor-version":[{"id":1229,"href":"https:\/\/saunas4ukraine.org\/et\/wp-json\/wp\/v2\/pages\/877\/revisions\/1229"}],"wp:attachment":[{"href":"https:\/\/saunas4ukraine.org\/et\/wp-json\/wp\/v2\/media?parent=877"}],"curies":[{"name":"wp","href":"https:\/\/api.w.org\/{rel}","templated":true}]}}