{"id":484,"date":"2025-03-11T08:32:27","date_gmt":"2025-03-11T06:32:27","guid":{"rendered":"https:\/\/saunas4ukraine.org\/?page_id=484"},"modified":"2025-04-30T23:21:04","modified_gmt":"2025-04-30T20:21:04","slug":"tehniline-info","status":"publish","type":"page","link":"https:\/\/saunas4ukraine.org\/et\/tehniline-info\/","title":{"rendered":"Tehniline info"},"content":{"rendered":"<div class=\"g-dec-circle l-container my-20 is-layout-flow wp-block-ama-dec-circle-is-layout-flow\"><div class=\"absolute rounded-full bg-beige top-[800px] z-0 left-[-9999px] right-[-9999px] mx-auto overflow-hidden absolute -z-50\" style=\"height:1800px;width:1800px;top:290px\"><div class=\"absolute bg-repeat left-0 right-0 opacity-20 inset-0\" style=\"background-image:url(https:\/\/saunas4ukraine.org\/wp-content\/themes\/saunas4ukraine\/assets\/images\/dot-OXWZUJRA.svg)\"><\/div><\/div><div class=\"l-container\">\n<div class=\"g-concept l-container\"><div class=\"flex flex-col md:flex-row justify-evenly\"><div class=\"flex flex-col relative max-w-xs max-md:mx-auto max-md:mb-16 last:mb-0\"><a href=\"https:\/\/saunas4ukraine.org\/wp-content\/uploads\/2025\/03\/Ukrina_saun_truck_plan_01.png\" class=\"ari-fancybox\"><img loading=\"lazy\" decoding=\"async\" class=\"z-10 w-full\" width=\"480\" height=\"120\" src=\"https:\/\/saunas4ukraine.org\/wp-content\/uploads\/fly-images\/444\/Ukrina_saun_truck_plan_01-480x225.png\" alt=\"Saunad Ukrainasse MT\u00dc, sauna- ja pesukompleksi sisevaade\" draggable=\"false\"\/><\/a><div class=\"flex flex-col ml-14 mt-16  max-md:mt-2 z-20\"><div class=\"font-display text-3xl ml-16 font-medium mb-6\">Siseplaan<\/div><div class=\"flex items-center mb-10 last:mb-0 z-30 relative\"><div class=\"h-12 w-12 p-3 rounded-full bg-white\"><svg width=\"26\" height=\"24\" viewBox=\"0 0 26 24\" fill=\"none\"><path d=\"M13 13.5L2 8L13 2.5L24 8L13 13.5Z\" stroke=\"#877E70\" stroke-width=\"1.5\" stroke-miterlimit=\"10\"><\/path><path d=\"M2 16L13 21.5L24 16\" stroke=\"#877E70\" stroke-width=\"1.5\" stroke-miterlimit=\"10\"><\/path><path d=\"M24 12L13 17.5L2 12\" stroke=\"#877E70\" stroke-width=\"1.5\" stroke-miterlimit=\"10\"><\/path><\/svg><\/div><span class=\"font-display text-xl ml-4 font-normal\">Plaanid v\u00f5ivad muutuda vastavalt vajadustele<\/span><\/div><div class=\"flex items-center mb-10 last:mb-0 z-30 relative\"><div class=\"h-12 w-12 p-3 rounded-full bg-white\"><svg width=\"26\" height=\"24\" viewBox=\"0 0 26 24\" fill=\"none\"><path d=\"M13 13.5L2 8L13 2.5L24 8L13 13.5Z\" stroke=\"#877E70\" stroke-width=\"1.5\" stroke-miterlimit=\"10\"><\/path><path d=\"M2 16L13 21.5L24 16\" stroke=\"#877E70\" stroke-width=\"1.5\" stroke-miterlimit=\"10\"><\/path><path d=\"M24 12L13 17.5L2 12\" stroke=\"#877E70\" stroke-width=\"1.5\" stroke-miterlimit=\"10\"><\/path><\/svg><\/div><span class=\"font-display text-xl ml-4 font-normal\">70 vormi ja 70 meest p\u00e4evas puhtaks<\/span><\/div><div class=\"h-[60px] w-[60px] rounded-full border-2 border-light-brown absolute p-[8px] left-[51px] top-12 z-30\"><div class=\"h-[40px] w-[40px] rounded-full border-2 border-light-brown\"><\/div><\/div><span class=\"g-concept__resize w-[2px] absolute left-20 top-[98px] bg-light-brown bottom-4 z-10\"><\/span><\/div><\/div><div class=\"flex flex-col relative max-w-xs max-md:mx-auto max-md:mb-16 last:mb-0\"><a href=\"https:\/\/saunas4ukraine.org\/wp-content\/uploads\/2025\/03\/Ukrina_saun_truck_side_01.png\" class=\"ari-fancybox\"><img loading=\"lazy\" decoding=\"async\" class=\"z-10 w-full\" width=\"480\" height=\"132\" src=\"https:\/\/saunas4ukraine.org\/wp-content\/uploads\/fly-images\/441\/Ukrina_saun_truck_side_01-480x225.png\" alt=\"Saunad Ukrainasse MT\u00dc, sauna- ja pesukompleksi v\u00e4lisvaade\" draggable=\"false\"\/><\/a><div class=\"flex flex-col ml-14 mt-16  max-md:mt-2 z-20\"><div class=\"font-display text-3xl ml-16 font-medium mb-6\">Saun ja pesumaja<\/div><div class=\"flex items-center mb-10 last:mb-0 z-30 relative\"><div class=\"h-12 w-12 p-3 rounded-full bg-white\"><svg width=\"26\" height=\"24\" viewBox=\"0 0 26 24\" fill=\"none\"><path d=\"M13 13.5L2 8L13 2.5L24 8L13 13.5Z\" stroke=\"#877E70\" stroke-width=\"1.5\" stroke-miterlimit=\"10\"><\/path><path d=\"M2 16L13 21.5L24 16\" stroke=\"#877E70\" stroke-width=\"1.5\" stroke-miterlimit=\"10\"><\/path><path d=\"M24 12L13 17.5L2 12\" stroke=\"#877E70\" stroke-width=\"1.5\" stroke-miterlimit=\"10\"><\/path><\/svg><\/div><span class=\"font-display text-xl ml-4 font-normal\">60-70 meest saab p\u00e4evaga puhtaks<\/span><\/div><div class=\"flex items-center mb-10 last:mb-0 z-30 relative\"><div class=\"h-12 w-12 p-3 rounded-full bg-white\"><svg width=\"26\" height=\"24\" viewBox=\"0 0 26 24\" fill=\"none\"><path d=\"M13 13.5L2 8L13 2.5L24 8L13 13.5Z\" stroke=\"#877E70\" stroke-width=\"1.5\" stroke-miterlimit=\"10\"><\/path><path d=\"M2 16L13 21.5L24 16\" stroke=\"#877E70\" stroke-width=\"1.5\" stroke-miterlimit=\"10\"><\/path><path d=\"M24 12L13 17.5L2 12\" stroke=\"#877E70\" stroke-width=\"1.5\" stroke-miterlimit=\"10\"><\/path><\/svg><\/div><span class=\"font-display text-xl ml-4 font-normal\">\u00dchtne veokas tagab kiire liikumise<\/span><\/div><div class=\"flex items-center mb-10 last:mb-0 z-30 relative\"><div class=\"h-12 w-12 p-3 rounded-full bg-white\"><svg width=\"26\" height=\"24\" viewBox=\"0 0 26 24\" fill=\"none\"><path d=\"M13 13.5L2 8L13 2.5L24 8L13 13.5Z\" stroke=\"#877E70\" stroke-width=\"1.5\" stroke-miterlimit=\"10\"><\/path><path d=\"M2 16L13 21.5L24 16\" stroke=\"#877E70\" stroke-width=\"1.5\" stroke-miterlimit=\"10\"><\/path><path d=\"M24 12L13 17.5L2 12\" stroke=\"#877E70\" stroke-width=\"1.5\" stroke-miterlimit=\"10\"><\/path><\/svg><\/div><span class=\"font-display text-xl ml-4 font-normal\">Vajadusel saab eraldi puhkeala teha<\/span><\/div><div class=\"h-[60px] w-[60px] rounded-full border-2 border-light-brown absolute p-[8px] left-[51px] top-12 z-30\"><div class=\"h-[40px] w-[40px] rounded-full border-2 border-light-brown\"><\/div><\/div><span class=\"g-concept__resize w-[2px] absolute left-20 top-[98px] bg-light-brown bottom-4 z-10\"><\/span><\/div><\/div><div class=\"flex flex-col relative max-w-xs max-md:mx-auto max-md:mb-16 last:mb-0\"><a href=\"https:\/\/saunas4ukraine.org\/wp-content\/uploads\/2025\/03\/Ukrina_saun_minivan_side_01.png\" class=\"ari-fancybox\"><img loading=\"lazy\" decoding=\"async\" class=\"z-10 w-full\" width=\"480\" height=\"207\" src=\"https:\/\/saunas4ukraine.org\/wp-content\/uploads\/fly-images\/447\/Ukrina_saun_minivan_side_01-480x225.png\" alt=\"Saunad Ukrainasse MT\u00dc, sauna- ja pesukompleksi saateauto\" draggable=\"false\"\/><\/a><div class=\"flex flex-col ml-14 mt-16  max-md:mt-2 z-20\"><div class=\"font-display text-3xl ml-16 font-medium mb-6\">Tugiauto<\/div><div class=\"flex items-center mb-10 last:mb-0 z-30 relative\"><div class=\"h-12 w-12 p-3 rounded-full bg-white\"><svg width=\"26\" height=\"24\" viewBox=\"0 0 26 24\" fill=\"none\"><path d=\"M13 13.5L2 8L13 2.5L24 8L13 13.5Z\" stroke=\"#877E70\" stroke-width=\"1.5\" stroke-miterlimit=\"10\"><\/path><path d=\"M2 16L13 21.5L24 16\" stroke=\"#877E70\" stroke-width=\"1.5\" stroke-miterlimit=\"10\"><\/path><path d=\"M24 12L13 17.5L2 12\" stroke=\"#877E70\" stroke-width=\"1.5\" stroke-miterlimit=\"10\"><\/path><\/svg><\/div><span class=\"font-display text-xl ml-4 font-normal\">Veab vett ja toodab elektrit<\/span><\/div><div class=\"flex items-center mb-10 last:mb-0 z-30 relative\"><div class=\"h-12 w-12 p-3 rounded-full bg-white\"><svg width=\"26\" height=\"24\" viewBox=\"0 0 26 24\" fill=\"none\"><path d=\"M13 13.5L2 8L13 2.5L24 8L13 13.5Z\" stroke=\"#877E70\" stroke-width=\"1.5\" stroke-miterlimit=\"10\"><\/path><path d=\"M2 16L13 21.5L24 16\" stroke=\"#877E70\" stroke-width=\"1.5\" stroke-miterlimit=\"10\"><\/path><path d=\"M24 12L13 17.5L2 12\" stroke=\"#877E70\" stroke-width=\"1.5\" stroke-miterlimit=\"10\"><\/path><\/svg><\/div><span class=\"font-display text-xl ml-4 font-normal\">Peipsi\u00e4\u00e4re vabatahtlikud on teinud viimased masinad meile<\/span><\/div><div class=\"h-[60px] w-[60px] rounded-full border-2 border-light-brown absolute p-[8px] left-[51px] top-12 z-30\"><div class=\"h-[40px] w-[40px] rounded-full border-2 border-light-brown\"><\/div><\/div><span class=\"g-concept__resize w-[2px] absolute left-20 top-[98px] bg-light-brown bottom-4 z-10\"><\/span><\/div><\/div><\/div><\/div>\n\n<div class=\"g-col l-container\"><div class=\"flex flex-col z-20 relative mt-4\"><div class=\"flex justify-between flex-col lg:flex-row min-h-[270px] mt-10 md:mt-20\"><div class=\"flex flex-col max-lg:pb-12 w-full last:pb-0 lg:pr-8 lg:last:pr-0 font-body font-normal text-lg text-black\"><h5 class=\"font-display text-2xl font-medium mb-4 text-black\">Puuk\u00fcttega saun<\/h5><p>Puuk\u00fcttega kerisega varustatud saun on ehitatud veokile.<\/p>\n<\/div><div class=\"flex flex-col max-lg:pb-12 w-full last:pb-0 lg:pr-8 lg:last:pr-0 font-body font-normal text-lg text-black\"><h5 class=\"font-display text-2xl font-medium mb-4 text-black\">Pesumaja<\/h5><p>Pesumajas on 4 pesumasinat ja 4 kuivatit. Lisaks piisavalt vett ja elektrit, et r\u00fchm saab enda ja oma riided korraga puhtaks.<\/p>\n<\/div><div class=\"flex flex-col max-lg:pb-12 w-full last:pb-0 lg:pr-8 lg:last:pr-0 font-body font-normal text-lg text-black\"><h5 class=\"font-display text-2xl font-medium mb-4 text-black\">Ohutus<\/h5><p>Rindel peab m\u00f5tlema ka ohutusele. Meie saunaveok ja toetusmasin on kiirelt teisaldatavad ning neid saab lihtsalt varjata. Praeguseks ei ole ilma j\u00e4\u00e4nud \u00fchestki kompleksist.<\/p>\n<\/div><\/div><\/div><\/div>\n\n<div class=\"g-desc-gallery l-container flex flex-col my-32 relative z-20\"><div class=\"font-display text-center text-3xl sm:text-4xl md:text-6xl leading-tight text-black sm:pb-8 md:pb-12\">Sauna saab kokku panna erineval moel<\/div><div class=\"grid gril-cols-1 sm:grid-cols-2 lg:grid-cols-4 gap-4 group\/list\"><a class=\"flex flex-col w-full sm:mt-0 mt-6 h-full group hover:z-50 butter duration-200 cursor-pointer group-hover\/list:grayscale group-hover\/list:opacity-80 hover:!opacity-100 hover:!grayscale-0\" href=\"https:\/\/saunas4ukraine.org\/wp-content\/uploads\/2025\/03\/Ukraina_saun_truck_04_03.png\"><div class=\"w-full pb-[50%] sm:pb-[80%] relative bg-white z-10 rounded-lg overflow-hidden group-hover:shadow-lg transform-gpu group-hover:scale-[118%] group-hover:-translate-y-5 butter duration-200\"><img loading=\"lazy\" decoding=\"async\" class=\"absolute inset-0 m-auto object-center object-contain p-4 max-h-full\" width=\"260\" height=\"113\" src=\"https:\/\/saunas4ukraine.org\/wp-content\/uploads\/fly-images\/344\/Ukraina_saun_truck_04_03-260x200.png\" alt=\"Ukraina_saun_truck_04_03\" draggable=\"false\"\/><\/div><div class=\"flex flex-col rounded-lg pb-4 pt-8 px-6 bg-white bg-opacity-80 backdrop-blur-sm mx-4 -mt-5 shadow-sm group-hover:bg-opacity-100\"><span class=\"text-lg font-display font-medium text-near-black\">Valik nr 1<\/span><span class=\"text-sm font-display font-medium text-near-black text-opacity-50 mt-1 min-h-[40px]\">Saun du\u0161\u0161idega<\/span><\/div><\/a><a class=\"flex flex-col w-full sm:mt-0 mt-6 h-full group hover:z-50 butter duration-200 cursor-pointer group-hover\/list:grayscale group-hover\/list:opacity-80 hover:!opacity-100 hover:!grayscale-0\" href=\"https:\/\/saunas4ukraine.org\/wp-content\/uploads\/2025\/03\/Ukraina_saun_truck_04_01.png\"><div class=\"w-full pb-[50%] sm:pb-[80%] relative bg-white z-10 rounded-lg overflow-hidden group-hover:shadow-lg transform-gpu group-hover:scale-[118%] group-hover:-translate-y-5 butter duration-200\"><img loading=\"lazy\" decoding=\"async\" class=\"absolute inset-0 m-auto object-center object-contain p-4 max-h-full\" width=\"260\" height=\"113\" src=\"https:\/\/saunas4ukraine.org\/wp-content\/uploads\/fly-images\/353\/Ukraina_saun_truck_04_01-260x200.png\" alt=\"Ukraina_saun_truck_04_01\" draggable=\"false\"\/><\/div><div class=\"flex flex-col rounded-lg pb-4 pt-8 px-6 bg-white bg-opacity-80 backdrop-blur-sm mx-4 -mt-5 shadow-sm group-hover:bg-opacity-100\"><span class=\"text-lg font-display font-medium text-near-black\">Valik nr 2<\/span><span class=\"text-sm font-display font-medium text-near-black text-opacity-50 mt-1 min-h-[40px]\">Pesumaja<\/span><\/div><\/a><a class=\"flex flex-col w-full sm:mt-0 mt-6 h-full group hover:z-50 butter duration-200 cursor-pointer group-hover\/list:grayscale group-hover\/list:opacity-80 hover:!opacity-100 hover:!grayscale-0\" href=\"https:\/\/saunas4ukraine.org\/wp-content\/uploads\/2025\/03\/Ukraina_saun_truck_04_04.png\"><div class=\"w-full pb-[50%] sm:pb-[80%] relative bg-white z-10 rounded-lg overflow-hidden group-hover:shadow-lg transform-gpu group-hover:scale-[118%] group-hover:-translate-y-5 butter duration-200\"><img loading=\"lazy\" decoding=\"async\" class=\"absolute inset-0 m-auto object-center object-contain p-4 max-h-full\" width=\"222\" height=\"200\" src=\"https:\/\/saunas4ukraine.org\/wp-content\/uploads\/fly-images\/350\/Ukraina_saun_truck_04_04-260x200.png\" alt=\"Ukraina_saun_truck_04_04\" draggable=\"false\"\/><\/div><div class=\"flex flex-col rounded-lg pb-4 pt-8 px-6 bg-white bg-opacity-80 backdrop-blur-sm mx-4 -mt-5 shadow-sm group-hover:bg-opacity-100\"><span class=\"text-lg font-display font-medium text-near-black\">Valik nr 3<\/span><span class=\"text-sm font-display font-medium text-near-black text-opacity-50 mt-1 min-h-[40px]\">Varjatud admin alaga<\/span><\/div><\/a><\/div><\/div>\n\n<div class=\"g-floating-gallery flex justify-center items-start group\/all pt-12 mt-20\"><a class=\"max-w-[317px] z-10 group w-full flex-1\" href=\"https:\/\/saunas4ukraine.org\/wp-content\/uploads\/2025\/04\/485170801_642949462035164_8604521878700264656_n.jpg\"><div class=\"max-w-[317px] pb-[85.5%] group-hover\/all:grayscale hover:!grayscale-0 hover:scale-110 butter duration-200 hover:z-50 hover:shadow-lg cursor-pointer bg-black bg-opacity-50 rounded-md group-even:mt-24 relative overflow-hidden shadow-sm\"><img loading=\"lazy\" decoding=\"async\" class=\"absolute inset-0 h-full w-full object-cover object-center\" width=\"317\" height=\"271\" src=\"https:\/\/saunas4ukraine.org\/wp-content\/uploads\/fly-images\/610\/485170801_642949462035164_8604521878700264656_n-317x271-c.jpg\" alt=\"485170801_642949462035164_8604521878700264656_n\" draggable=\"false\"\/><\/div><\/a><a class=\"max-w-[460px] -ml-24 w-[200%] group w-full flex-1\" href=\"https:\/\/saunas4ukraine.org\/wp-content\/uploads\/2025\/04\/IMG-20241219-WA0008.jpg\"><div class=\"max-w-[460px] pb-[98.2%] group-hover\/all:grayscale hover:!grayscale-0 hover:scale-110 butter duration-200 hover:z-50 hover:shadow-lg cursor-pointer bg-black bg-opacity-50 rounded-md group-even:mt-24 relative overflow-hidden shadow-sm\"><img loading=\"lazy\" decoding=\"async\" class=\"absolute inset-0 h-full w-full object-cover object-center\" width=\"460\" height=\"452\" src=\"https:\/\/saunas4ukraine.org\/wp-content\/uploads\/fly-images\/614\/IMG-20241219-WA0008-460x452-c.jpg\" alt=\"Saunad Ukrainasse MT\u00dc, vabatahtlikud\" draggable=\"false\"\/><\/div><\/a><a class=\"max-w-[390px] -ml-24 w-[200%] group w-full flex-1\" href=\"https:\/\/saunas4ukraine.org\/wp-content\/uploads\/2025\/03\/320189491_8670862339620458_3818763610729557648_n.jpg\"><div class=\"max-w-[390px] pb-[74.6%] group-hover\/all:grayscale hover:!grayscale-0 hover:scale-110 butter duration-200 hover:z-50 hover:shadow-lg cursor-pointer bg-black bg-opacity-50 rounded-md group-even:mt-24 relative overflow-hidden shadow-sm\"><img loading=\"lazy\" decoding=\"async\" class=\"absolute inset-0 h-full w-full object-cover object-center\" width=\"390\" height=\"291\" src=\"https:\/\/saunas4ukraine.org\/wp-content\/uploads\/fly-images\/359\/320189491_8670862339620458_3818763610729557648_n-390x291-c.jpg\" alt=\"320189491_8670862339620458_3818763610729557648_n\" draggable=\"false\"\/><\/div><\/a><a class=\"max-w-[317px] -ml-24 w-[200%] group w-full flex-1\" href=\"https:\/\/saunas4ukraine.org\/wp-content\/uploads\/2025\/03\/DSC02039.jpg\"><div class=\"max-w-[317px] pb-[85.5%] group-hover\/all:grayscale hover:!grayscale-0 hover:scale-110 butter duration-200 hover:z-50 hover:shadow-lg cursor-pointer bg-black bg-opacity-50 rounded-md group-even:mt-24 relative overflow-hidden shadow-sm\"><img loading=\"lazy\" decoding=\"async\" class=\"absolute inset-0 h-full w-full object-cover object-center\" width=\"317\" height=\"271\" src=\"https:\/\/saunas4ukraine.org\/wp-content\/uploads\/fly-images\/365\/DSC02039-317x271-c.jpg\" alt=\"DSC02039\" draggable=\"false\"\/><\/div><\/a><\/div>\n\n\n<div style=\"height:60px\" aria-hidden=\"true\" class=\"wp-block-spacer\"><\/div>\n\n<\/div><\/div>","protected":false},"excerpt":{"rendered":"<p>SiseplaanPlaanid v\u00f5ivad muutuda vastavalt vajadustele70 vormi ja 70 meest p\u00e4evas puhtaksSaun ja pesumaja60-70 meest saab p\u00e4evaga puhtaks\u00dchtne veokas tagab kiire liikumiseVajadusel\u2026<\/p>\n","protected":false},"author":3,"featured_media":0,"parent":0,"menu_order":20,"comment_status":"closed","ping_status":"closed","template":"","meta":{"_acf_changed":false,"footnotes":""},"class_list":["post-484","page","type-page","status-publish","hentry"],"acf":[],"_links":{"self":[{"href":"https:\/\/saunas4ukraine.org\/et\/wp-json\/wp\/v2\/pages\/484","targetHints":{"allow":["GET"]}}],"collection":[{"href":"https:\/\/saunas4ukraine.org\/et\/wp-json\/wp\/v2\/pages"}],"about":[{"href":"https:\/\/saunas4ukraine.org\/et\/wp-json\/wp\/v2\/types\/page"}],"author":[{"embeddable":true,"href":"https:\/\/saunas4ukraine.org\/et\/wp-json\/wp\/v2\/users\/3"}],"replies":[{"embeddable":true,"href":"https:\/\/saunas4ukraine.org\/et\/wp-json\/wp\/v2\/comments?post=484"}],"version-history":[{"count":4,"href":"https:\/\/saunas4ukraine.org\/et\/wp-json\/wp\/v2\/pages\/484\/revisions"}],"predecessor-version":[{"id":930,"href":"https:\/\/saunas4ukraine.org\/et\/wp-json\/wp\/v2\/pages\/484\/revisions\/930"}],"wp:attachment":[{"href":"https:\/\/saunas4ukraine.org\/et\/wp-json\/wp\/v2\/media?parent=484"}],"curies":[{"name":"wp","href":"https:\/\/api.w.org\/{rel}","templated":true}]}}