{"id":482,"date":"2025-03-11T08:32:16","date_gmt":"2025-03-11T06:32:16","guid":{"rendered":"https:\/\/saunas4ukraine.org\/?page_id=482"},"modified":"2025-11-21T12:00:14","modified_gmt":"2025-11-21T10:00:14","slug":"meeskond","status":"publish","type":"page","link":"https:\/\/saunas4ukraine.org\/et\/meeskond\/","title":{"rendered":"Meeskond"},"content":{"rendered":"<div class=\"g-tm l-container flex flex-col my-16 lg:my-24 lg:flex-row is-layout-flow wp-block-ama-tm-is-layout-flow\"><div class=\"flex flex-row max-lg:mb-12 lg:flex-col w-full lg:w-1\/2 shrink-0 lg:mr-16\"><a href=\"https:\/\/saunas4ukraine.org\/wp-content\/uploads\/2025\/03\/saunas3.png\" class=\"flex-1 max-lg:w-1\/2 mr-4 last:mr-0 lg:mr-0 lg:mb-7 last:mb-0\"><img loading=\"lazy\" decoding=\"async\" class=\"rounded-lg object-cover\" width=\"600\" height=\"400\" src=\"https:\/\/saunas4ukraine.org\/wp-content\/uploads\/fly-images\/214\/saunas3-600x400-c.png\" alt=\"saunas3\" draggable=\"false\"\/><\/a><\/div><div class=\"flex flex-col w-full font-body font-normal text-lg\"><h5 class=\"font-display font-medium text-3xl text-black mb-7\">Saunad Ukrainasse algas kui KL Toompea malevkonna ja HUUM O\u00dc \u00fchisprojekt, kuid praegu on see laienenud \u00fcle maailma. Praeguseks on loodud eraldi MT\u00dc Saunad Ukrainasse, kes koost\u00f6\u00f6s teiste saunaorganisatsioonidega \u00fcle maailma j\u00e4tkab alustatud missiooni.<\/h5><div class=\"acf-innerblocks-container\">\n\n<p><br>Saunad Ukrainasse algas kui KL Toompea malevkonna ja HUUM O\u00dc \u00fchisprojekt, kuid praegu on see laienenud \u00fcle maailma. Praeguseks on loodud eraldi MT\u00dc Saunad Ukrainasse, kes koost\u00f6\u00f6s teiste saunaorganisatsioonidega \u00fcle maailma j\u00e4tkab alustatud missiooni.<\/p>\n\n<\/div><\/div><\/div>\n\n<div class=\"g-tm l-container flex flex-col my-16 lg:my-24 lg:flex-row-reverse is-layout-flow wp-block-ama-tm-is-layout-flow\"><div class=\"flex flex-row max-lg:mb-12 lg:flex-col w-full lg:w-1\/2 shrink-0 lg:ml-16\"><a href=\"https:\/\/saunas4ukraine.org\/wp-content\/uploads\/2025\/03\/Siim-Nellis.jpg\" class=\"flex-1 max-lg:w-1\/2 mr-4 last:mr-0 lg:mr-0 lg:mb-7 last:mb-0\"><img loading=\"lazy\" decoding=\"async\" class=\"rounded-lg object-cover\" width=\"600\" height=\"400\" src=\"https:\/\/saunas4ukraine.org\/wp-content\/uploads\/fly-images\/259\/Siim-Nellis-600x400-c.jpg\" alt=\"Siim-Nellis\" draggable=\"false\"\/><\/a><\/div><div class=\"flex flex-col w-full font-body font-normal text-lg\"><h5 class=\"font-display font-medium text-3xl text-black mb-7\">Siim Nellis &#8211; tulevikutegija maailma saunat\u00f6\u00f6stuses<\/h5><div class=\"acf-innerblocks-container\">\n\n<ul class=\"wp-block-list\">\n<li>Siim on t\u00f5usev t\u00e4ht rahvusvahelises saunamaailmas \u2013 vision\u00e4\u00e4r ja tegutseja, kes on rajanud eduka sauna-startupi ning viib Eesti saunakultuuri innovatsiooniga maailma kaardile.<\/li>\n\n\n\n<li>Ta juhib HUUM O\u00dc-d \u2013 ettev\u00f5tet, mis on tuntud oma kvaliteetsete ja nutikate saunalahenduste poolest.<\/li>\n\n\n\n<li>Siim panustab aktiivselt <em>Saunad Ukrainasse<\/em> projektis, \u00fchendades oma tehnilise oskusteabe ja missioonitunde selleks, et viia rindele rohkem kui ainult soojust \u2013 ka v\u00e4\u00e4rikust ja inimlikkust.<\/li>\n\n\n\n<li>Kontakt:&nbsp;<a href=\"mailto:siim.nellis@outlook.com\">siim.nellis@outlook.com<\/a><\/li>\n<\/ul>\n\n<\/div><\/div><\/div>\n\n<div class=\"g-tm l-container flex flex-col my-16 lg:my-24 lg:flex-row is-layout-flow wp-block-ama-tm-is-layout-flow\"><div class=\"flex flex-row max-lg:mb-12 lg:flex-col w-full lg:w-1\/2 shrink-0 lg:mr-16\"><a href=\"https:\/\/saunas4ukraine.org\/wp-content\/uploads\/2025\/03\/Mirko-Kikkamagi.jpg\" class=\"flex-1 max-lg:w-1\/2 mr-4 last:mr-0 lg:mr-0 lg:mb-7 last:mb-0\"><img loading=\"lazy\" decoding=\"async\" class=\"rounded-lg object-cover\" width=\"600\" height=\"400\" src=\"https:\/\/saunas4ukraine.org\/wp-content\/uploads\/fly-images\/280\/Mirko-Kikkamagi-600x400-c.jpg\" alt=\"Mirko-Kikkama\u0308gi\" draggable=\"false\"\/><\/a><\/div><div class=\"flex flex-col w-full font-body font-normal text-lg\"><h5 class=\"font-display font-medium text-3xl text-black mb-7\">Mirko Kikkam\u00e4gi &#8211; rahvusvahelise kogemusega ettev\u00f5tete ja finants\u00f5iguse ekspert<\/h5><div class=\"acf-innerblocks-container\">\n\n<ul class=\"wp-block-list\">\n<li>Mirko on TGS Balticu edukas jurist ja n\u00f5unik, kellel on ulatuslik rahvusvaheline kogemus ettev\u00f5tete \u00fchinemiste ja omandamiste, panganduse ja finants\u00f5iguse, riskikapitali ning ettev\u00f5tete n\u00f5ustamise valdkonnas. Ta on t\u00f6\u00f6tanud juhtivates advokaadib\u00fcroodes, sealhulgas Clifford Chance&#8217;i Frankfurdi kontoris, ning olnud jurist Swedbankis.<\/li>\n\n\n\n<li>Lisaks on Mirko aktiivne Kaitseliidu Toompea malevkonna liige, panustades oma teadmiste ja kogemustega ka <em>Saunad Ukrainasse<\/em> algatusse. <\/li>\n\n\n\n<li>Kontakt:&nbsp;<a href=\"mailto:mirko.kikkamagi@gmail.com\">mirko.kikkamagi@gmail.com<\/a><\/li>\n<\/ul>\n\n<\/div><\/div><\/div>\n\n<div class=\"g-tm l-container flex flex-col my-16 lg:my-24 lg:flex-row-reverse is-layout-flow wp-block-ama-tm-is-layout-flow\"><div class=\"flex flex-row max-lg:mb-12 lg:flex-col w-full lg:w-1\/2 shrink-0 lg:ml-16\"><a href=\"https:\/\/saunas4ukraine.org\/wp-content\/uploads\/2025\/04\/HUU01937-2-scaled.jpg\" class=\"flex-1 max-lg:w-1\/2 mr-4 last:mr-0 lg:mr-0 lg:mb-7 last:mb-0\"><img loading=\"lazy\" decoding=\"async\" class=\"rounded-lg object-cover\" width=\"600\" height=\"400\" src=\"https:\/\/saunas4ukraine.org\/wp-content\/uploads\/fly-images\/598\/HUU01937-2-scaled-600x400-c.jpg\" alt=\"Tanel Kuningas, MT\u00dc Saunad Ukrainasse\" draggable=\"false\"\/><\/a><\/div><div class=\"flex flex-col w-full font-body font-normal text-lg\"><h5 class=\"font-display font-medium text-3xl text-black mb-7\">Tanel Kuningas &#8211; saunade tehniline s\u00fcda ja ehituse eestvedaja<\/h5><div class=\"acf-innerblocks-container\">\n\n<ul class=\"wp-block-list\">\n<li>Tanel on <em>Saunad Ukrainasse<\/em> projekti tehniline tugisammas ja ehituse peamine koordinaator. Just tema k\u00e4e all saavad mobiilsed saunad ja pesumajad reaalse kuju \u2013 praktiliselt, l\u00e4bim\u00f5eldult ja rindetingimustele vastavalt.<\/li>\n\n\n\n<li>Tanel teab alati k\u00f5ige paremini, mida j\u00e4rgmiseks vaja on \u2013 olgu selleks generaatorid, pesumasinad, kuivatid v\u00f5i muu varustus, et uus kompleks saaks valmis ja saaksime selle rindele saata. Tema teadmised, kogemus ja rahulik sihikindlus tagavad, et iga saun vastab reaalsetele vajadustele.<\/li>\n\n\n\n<li>Kontakt: <a href=\"mailto:tanel@jvh.ee\">tanel@jvh.ee<\/a><\/li>\n<\/ul>\n\n<\/div><\/div><\/div>\n\n<div class=\"g-tm l-container flex flex-col my-16 lg:my-24 lg:flex-row is-layout-flow wp-block-ama-tm-is-layout-flow\"><div class=\"flex flex-row max-lg:mb-12 lg:flex-col w-full lg:w-1\/2 shrink-0 lg:mr-16\"><a href=\"https:\/\/saunas4ukraine.org\/wp-content\/uploads\/2025\/11\/Brit-Mesipuu-Saunad-Ukrainasse-MTU-Milos-Reklaam.png\" class=\"flex-1 max-lg:w-1\/2 mr-4 last:mr-0 lg:mr-0 lg:mb-7 last:mb-0\"><img loading=\"lazy\" decoding=\"async\" class=\"rounded-lg object-cover\" width=\"600\" height=\"400\" src=\"https:\/\/saunas4ukraine.org\/wp-content\/uploads\/fly-images\/1105\/Brit-Mesipuu-Saunad-Ukrainasse-MTU-Milos-Reklaam-600x400-c.png\" alt=\"Brit Mesipuu, Saunad Ukrainasse MT\u00dc vabatahtlik\" draggable=\"false\"\/><\/a><\/div><div class=\"flex flex-col w-full font-body font-normal text-lg\"><h5 class=\"font-display font-medium text-3xl text-black mb-7\">Brit Mesipuu &#8211; turunduse eestvedaja ja partnerlussuhete looja<\/h5><div class=\"acf-innerblocks-container\">\n\n<ul class=\"wp-block-list\">\n<li>Brit on <a href=\"https:\/\/milos.ee\/kasulik\/\" target=\"_blank\" rel=\"noreferrer noopener\">Milos Reklaami<\/a> tegevjuht ja kogenud turunduskoolitaja, kellel on ligi 20 aastat kogemust strateegilise turunduse, sotsiaalmeedia ja sisuloome vallas.<\/li>\n\n\n\n<li><em>Saunad Ukrainasse<\/em> projektis tegeleb Brit turunduse ja partnerlussuhete arendamisega, viia projekti n\u00e4htavus ja toetajate kaasamine uuele tasemele nii Eestis kui ka rahvusvaheliselt.<\/li>\n\n\n\n<li>Briti tugevuseks on selge s\u00f5num, sisuline koost\u00f6\u00f6 ja oskus puudutada inimesi l\u00e4bi t\u00e4hendusrikka sisu.<\/li>\n\n\n\n<li>Kontakt: <a href=\"mailto:brit@milos.ee\">brit@milos.ee<\/a>&nbsp;<\/li>\n<\/ul>\n\n<\/div><\/div><\/div>\n\n<div class=\"g-tm l-container flex flex-col my-16 lg:my-24 lg:flex-row-reverse is-layout-flow wp-block-ama-tm-is-layout-flow\"><div class=\"flex flex-row max-lg:mb-12 lg:flex-col w-full lg:w-1\/2 shrink-0 lg:ml-16\"><a href=\"https:\/\/saunas4ukraine.org\/wp-content\/uploads\/2025\/04\/HUU01952-Enhanced-NR-2-scaled.jpg\" class=\"flex-1 max-lg:w-1\/2 mr-4 last:mr-0 lg:mr-0 lg:mb-7 last:mb-0\"><img loading=\"lazy\" decoding=\"async\" class=\"rounded-lg object-cover\" width=\"600\" height=\"400\" src=\"https:\/\/saunas4ukraine.org\/wp-content\/uploads\/fly-images\/595\/HUU01952-Enhanced-NR-2-scaled-600x400-c.jpg\" alt=\"Heiko Teern Saunad Ukrainasse MT\u00dc\" draggable=\"false\"\/><\/a><\/div><div class=\"flex flex-col w-full font-body font-normal text-lg\"><h5 class=\"font-display font-medium text-3xl text-black mb-7\">Heiko Teern<\/h5><div class=\"acf-innerblocks-container\">\n\n<ul class=\"wp-block-list\">\n<li>Heiko t\u00f6\u00f6tab graafilise disainerina HUUMis ning on <em>Saunad Ukrainasse<\/em> projekti visuaalse identiteedi looja.<\/li>\n\n\n\n<li>T\u00e4nu tema k\u00e4ekirjale on projekt saanud selge ja professionaalse n\u00e4o \u2013 olgu selleks logod, plakatid, sotsiaalmeedia kujundused v\u00f5i esitlused. <\/li>\n\n\n\n<li>Heiko disainid k\u00f5netavad nii toetajaid kui ka avalikkust ning aitavad meie s\u00f5numil silma paista ja meelde j\u00e4\u00e4da.<\/li>\n<\/ul>\n\n<\/div><\/div><\/div>\n\n<div class=\"g-tm l-container flex flex-col my-16 lg:my-24 lg:flex-row is-layout-flow wp-block-ama-tm-is-layout-flow\"><div class=\"flex flex-row max-lg:mb-12 lg:flex-col w-full lg:w-1\/2 shrink-0 lg:mr-16\"><a href=\"https:\/\/saunas4ukraine.org\/wp-content\/uploads\/2025\/04\/HUU01925-scaled.jpg\" class=\"flex-1 max-lg:w-1\/2 mr-4 last:mr-0 lg:mr-0 lg:mb-7 last:mb-0\"><img loading=\"lazy\" decoding=\"async\" class=\"rounded-lg object-cover\" width=\"600\" height=\"400\" src=\"https:\/\/saunas4ukraine.org\/wp-content\/uploads\/fly-images\/601\/HUU01925-scaled-600x400-c.jpg\" alt=\"Katrin Suvi MT\u00dc Saunad Ukrainasse\" draggable=\"false\"\/><\/a><\/div><div class=\"flex flex-col w-full font-body font-normal text-lg\"><h5 class=\"font-display font-medium text-3xl text-black mb-7\">Katrin Suvi &#8211; raamatupidamise kindel tugi<\/h5><div class=\"acf-innerblocks-container\">\n\n<ul class=\"wp-block-list\">\n<li>Katrin on <em>Saunad Ukrainasse<\/em> projekti raamatupidaja, kelle hoolde on usaldatud kogu rahaline pool. Tema t\u00f6\u00f6 tagab, et annetused liiguvad l\u00e4bipaistvalt ja korrektselt, aruandlus on t\u00e4pne ning k\u00f5ik numbrid klapivad.<\/li>\n\n\n\n<li>Katrin seisab selle eest, et head teod oleksid mitte ainult n\u00e4htavad, vaid ka korralikult dokumenteeritud \u2013 sest iga euro loeb ja iga toetaja v\u00e4\u00e4rib selgust.<\/li>\n<\/ul>\n\n<\/div><\/div><\/div>\n\n<h4 class=\"font-display text-4xl md:text-6xl leading-tight text-center text-black pb-10 md:pb-16\">Meie p\u00f5hikiri ja majandusaasta aruanded<\/h4>\n\n\n<div class=\"wp-block-columns is-layout-flex wp-container-core-columns-is-layout-28f84493 wp-block-columns-is-layout-flex\">\n<div class=\"wp-block-column is-layout-flow wp-block-column-is-layout-flow\">\n<p class=\"has-text-align-center\"><a href=\"https:\/\/saunas4ukraine.org\/wp-content\/uploads\/2025\/11\/MTU_Saunad_Ukrainasse-MT_Saunad_Ukrainasse_phikiri_230210_153530.pdf\"><strong>MT\u00dc Saunad Ukrainasse p\u00f5hikiri<\/strong><\/a><\/p>\n<\/div>\n\n\n\n<div class=\"wp-block-column is-layout-flow wp-block-column-is-layout-flow\">\n<p class=\"has-text-align-center\"><a href=\"https:\/\/saunas4ukraine.org\/wp-content\/uploads\/2025\/11\/MTU_Saunad_Ukrainasse-aruanne_2024.pdf\"><strong>MT\u00dc Saunad Ukrainasse majandusaasta aruanne 2024<\/strong><\/a><\/p>\n<\/div>\n\n\n\n<div class=\"wp-block-column is-layout-flow wp-block-column-is-layout-flow\">\n<p class=\"has-text-align-center\"><a href=\"https:\/\/saunas4ukraine.org\/wp-content\/uploads\/2025\/11\/MTU_Saunad_Ukrainasse-aruanne_2023.pdf\"><strong>MT\u00dc Saunad Ukrainasse majandusaasta aruanne 2023<\/strong><\/a><\/p>\n<\/div>\n<\/div>\n\n\n<section class=\"g-logos my-12 sm:my-16 lg:my-24\"><div class=\"l-container\"><h4 class=\"font-display text-4xl md:text-6xl leading-tight text-center text-black pb-10 md:pb-16\">Projekti toetajad<\/h4><\/div><div class=\"l-container grid grid-cols-2 lg:grid-cols-4 xl:grid-cols-5 gap-4\"><a class=\"bg-white md:mb-4 h-16 px-4 py-2 md:h-[116px] max-w-[200px] md:px-4 md:py-4 mx-auto w-full rounded-xl shadow-sm hover:scale-110 hover:shadow-xl hover:-translate-y-2 butter duration-200\" href=\"https:\/\/huum.ee\/\" target=\"_blank\" rel=\"noopener noreferrer\"><img loading=\"lazy\" decoding=\"async\" class=\"object-contain object-center w-full h-full\" width=\"844\" height=\"408\" src=\"https:\/\/saunas4ukraine.org\/wp-content\/uploads\/2025\/03\/huum-2.png\" alt=\"huum-2\" draggable=\"false\"\/><\/a><span class=\"bg-white md:mb-4 h-16 px-4 py-2 md:h-[116px] max-w-[200px] md:px-4 md:py-4 mx-auto w-full rounded-xl shadow-sm\"><img loading=\"lazy\" decoding=\"async\" class=\"object-contain object-center w-full h-full\" width=\"844\" height=\"408\" src=\"https:\/\/saunas4ukraine.org\/wp-content\/uploads\/2025\/03\/toompea-2.png\" alt=\"toompea-2\" draggable=\"false\"\/><\/span><\/div><\/section>\n\n\n<p><\/p>\n","protected":false},"excerpt":{"rendered":"<p>Meie p\u00f5hikiri ja majandusaasta aruanded MT\u00dc Saunad Ukrainasse p\u00f5hikiri MT\u00dc Saunad Ukrainasse majandusaasta aruanne 2024 MT\u00dc Saunad Ukrainasse majandusaasta aruanne 2023<\/p>\n","protected":false},"author":3,"featured_media":379,"parent":0,"menu_order":18,"comment_status":"closed","ping_status":"closed","template":"","meta":{"_acf_changed":false,"footnotes":""},"class_list":["post-482","page","type-page","status-publish","has-post-thumbnail","hentry"],"acf":[],"_links":{"self":[{"href":"https:\/\/saunas4ukraine.org\/et\/wp-json\/wp\/v2\/pages\/482","targetHints":{"allow":["GET"]}}],"collection":[{"href":"https:\/\/saunas4ukraine.org\/et\/wp-json\/wp\/v2\/pages"}],"about":[{"href":"https:\/\/saunas4ukraine.org\/et\/wp-json\/wp\/v2\/types\/page"}],"author":[{"embeddable":true,"href":"https:\/\/saunas4ukraine.org\/et\/wp-json\/wp\/v2\/users\/3"}],"replies":[{"embeddable":true,"href":"https:\/\/saunas4ukraine.org\/et\/wp-json\/wp\/v2\/comments?post=482"}],"version-history":[{"count":31,"href":"https:\/\/saunas4ukraine.org\/et\/wp-json\/wp\/v2\/pages\/482\/revisions"}],"predecessor-version":[{"id":1208,"href":"https:\/\/saunas4ukraine.org\/et\/wp-json\/wp\/v2\/pages\/482\/revisions\/1208"}],"wp:featuredmedia":[{"embeddable":true,"href":"https:\/\/saunas4ukraine.org\/et\/wp-json\/wp\/v2\/media\/379"}],"wp:attachment":[{"href":"https:\/\/saunas4ukraine.org\/et\/wp-json\/wp\/v2\/media?parent=482"}],"curies":[{"name":"wp","href":"https:\/\/api.w.org\/{rel}","templated":true}]}}