{"id":470,"date":"2025-03-11T08:32:42","date_gmt":"2025-03-11T06:32:42","guid":{"rendered":"https:\/\/saunas4ukraine.org\/?page_id=470"},"modified":"2026-04-07T01:01:28","modified_gmt":"2026-04-06T22:01:28","slug":"reports","status":"publish","type":"page","link":"https:\/\/saunas4ukraine.org\/et\/reports\/","title":{"rendered":"Saunakomplekside aruanded"},"content":{"rendered":"<div class=\"g-tm l-container flex flex-col my-16 lg:my-24 lg:flex-row is-layout-flow wp-block-ama-tm-is-layout-flow\"><div class=\"flex flex-row max-lg:mb-12 lg:flex-col w-full lg:w-1\/2 shrink-0 lg:mr-16\"><a href=\"https:\/\/saunas4ukraine.org\/wp-content\/uploads\/2025\/03\/leiliruumi-sisevaade.png\" class=\"flex-1 max-lg:w-1\/2 mr-4 last:mr-0 lg:mr-0 lg:mb-7 last:mb-0\"><img loading=\"lazy\" decoding=\"async\" class=\"rounded-lg object-cover\" width=\"600\" height=\"400\" src=\"https:\/\/saunas4ukraine.org\/wp-content\/uploads\/fly-images\/289\/leiliruumi-sisevaade-600x400-c.png\" alt=\"leiliruumi-sisevaade\" draggable=\"false\"\/><\/a><\/div><div class=\"flex flex-col w-full font-body font-normal text-lg\"><div class=\"acf-innerblocks-container\">\n\n<p>Meie projekti l\u00e4bipaistvus ja m\u00f5ju on p\u00e4lvinud laialdast tunnustust \u2013 teiste seas Eesti presidendilt, juhtivatelt s\u00f5jav\u00e4elastelt ning rahvusvaheliselt meedialt.<\/p>\n\n\n\n<p>Siia oleme kokku koondanud k\u00f5igi saunade aruanded koos \u00fcleandmisdokumentidega, et iga toetaja saaks n\u00e4ha, kuidas annetused on reaalselt muutunud abiks rindel.<\/p>\n\n\n\n<p>Usume, et Ukraina kaitsjad v\u00e4\u00e4rivad ausust ja selgust \u2013 just seet\u00f5ttu t\u00f6\u00f6tab kogu meie meeskond vabatahtlikult ning saunad valmivad \u00fcksnes annetuste toel. <\/p>\n\n\n\n<p>Toetajate seas on ettev\u00f5tteid ja eraisikuid nii Eestist kui ka mujalt maailmast. Vaata l\u00e4hemalt \ud83d\udc49 <a class=\"\" href=\"https:\/\/saunas4ukraine.org\/et\/toetajad\/\">https:\/\/saunas4ukraine.org\/et\/toetajad<\/a><\/p>\n\n<\/div><\/div><\/div>\n\n<div class=\"g-reports l-container\"><h2 class=\"font-display text-4xl md:text-6xl leading-tight text-black\">Loe l\u00e4hemalt iga saunakompleksi kohta \u2013 kliki lingile!<\/h2><div class=\"flex flex-col z-20 relative mt-4\"><div class=\"flex justify-between flex-col lg:flex-row min-h-[270px] mt-6 gap-8\"><a class=\"flex flex-col max-lg:pb-12 w-full last:pb-0\" href=\"https:\/\/saunas4ukraine.org\/wp-content\/uploads\/2026\/04\/9.-sauna-raport-1.pdf\" target=\"_blank\"><img loading=\"lazy\" decoding=\"async\" class=\"w-full mb-4 rounded-lg\" width=\"375\" height=\"300\" src=\"https:\/\/saunas4ukraine.org\/wp-content\/uploads\/fly-images\/1271\/9.saun_-375x300-c.jpg\" alt=\"9th Sauna handover\" draggable=\"false\"\/><h5 class=\"font-display text-2xl font-medium mb-4 text-black\">9th sauna report<\/h5><div class=\"font-body font-normal text-lg text-black\">Loe siit!<\/div><\/a><a class=\"flex flex-col max-lg:pb-12 w-full last:pb-0\" href=\"https:\/\/saunas4ukraine.org\/wp-content\/uploads\/2025\/11\/8th-sauna-raport.pdf\" target=\"_blank\"><img loading=\"lazy\" decoding=\"async\" class=\"w-full mb-4 rounded-lg\" width=\"375\" height=\"300\" src=\"https:\/\/saunas4ukraine.org\/wp-content\/uploads\/fly-images\/1213\/8th-sauna-raport-375x300-c.png\" alt=\"8th sauna raport\" draggable=\"false\"\/><h5 class=\"font-display text-2xl font-medium mb-4 text-black\">8th sauna report<\/h5><div class=\"font-body font-normal text-lg text-black\">Loe siit!<\/div><\/a><a class=\"flex flex-col max-lg:pb-12 w-full last:pb-0\" href=\"https:\/\/saunas4ukraine.org\/wp-content\/uploads\/2025\/11\/Seitsmenda-sauna-aruanne_ja_lisa.pdf\" target=\"_blank\"><img loading=\"lazy\" decoding=\"async\" class=\"w-full mb-4 rounded-lg\" width=\"375\" height=\"300\" src=\"https:\/\/saunas4ukraine.org\/wp-content\/uploads\/fly-images\/788\/505443457_710176581940675_426783367948745184_n-375x300-c.jpg\" alt=\"Saunad Ukrainasse Sauna \u00e4ra saatmine Brit Mesipuu Siim Nelllis Saunas for Ukraine\" draggable=\"false\"\/><h5 class=\"font-display text-2xl font-medium mb-4 text-black\">7th sauna report<\/h5><div class=\"font-body font-normal text-lg text-black\">Loe siit!<\/div><\/a><\/div><\/div><div class=\"flex flex-col z-20 relative mt-4\"><div class=\"flex justify-between flex-col lg:flex-row min-h-[270px] mt-6 gap-8\"><a class=\"flex flex-col max-lg:pb-12 w-full last:pb-0\" href=\"https:\/\/saunas4ukraine.org\/wp-content\/uploads\/2025\/11\/Aruanne-Saun-6-Ukrainasse_ja_lisa.pdf\" target=\"_blank\"><img loading=\"lazy\" decoding=\"async\" class=\"w-full mb-4 rounded-lg\" width=\"375\" height=\"300\" src=\"https:\/\/saunas4ukraine.org\/wp-content\/uploads\/fly-images\/640\/2f53fa6c-63b3-4c60-82e2-70f44ac575f5-375x300-c.jpg\" alt=\"2f53fa6c-63b3-4c60-82e2-70f44ac575f5\" draggable=\"false\"\/><h5 class=\"font-display text-2xl font-medium mb-4 text-black\">6th sauna report<\/h5><div class=\"font-body font-normal text-lg text-black\">Loe siit!<\/div><\/a><a class=\"flex flex-col max-lg:pb-12 w-full last:pb-0\" href=\"https:\/\/saunas4ukraine.org\/wp-content\/uploads\/2025\/03\/Aruanne-Saun-5-Ukrainasse.pdf\" target=\"_blank\"><img loading=\"lazy\" decoding=\"async\" class=\"w-full mb-4 rounded-lg\" width=\"375\" height=\"300\" src=\"https:\/\/saunas4ukraine.org\/wp-content\/uploads\/fly-images\/634\/IMG_5963-375x300-c.jpeg\" alt=\"IMG_5963\" draggable=\"false\"\/><h5 class=\"font-display text-2xl font-medium mb-4 text-black\">5th sauna report<\/h5><div class=\"font-body font-normal text-lg text-black\">Loe siit!<\/div><\/a><a class=\"flex flex-col max-lg:pb-12 w-full last:pb-0\" href=\"https:\/\/saunas4ukraine.org\/wp-content\/uploads\/2025\/03\/Aruanne-4-Saun-4-Ukrainasse.pdf\" target=\"_blank\"><img loading=\"lazy\" decoding=\"async\" class=\"w-full mb-4 rounded-lg\" width=\"375\" height=\"300\" src=\"https:\/\/saunas4ukraine.org\/wp-content\/uploads\/fly-images\/384\/cc4bcdf3-5a51-4bac-877a-e0a40e24517f-375x300-c.jpg\" alt=\"cc4bcdf3-5a51-4bac-877a-e0a40e24517f\" draggable=\"false\"\/><h5 class=\"font-display text-2xl font-medium mb-4 text-black\">4th sauna report<\/h5><div class=\"font-body font-normal text-lg text-black\">Loe siit!<\/div><\/a><\/div><\/div><div class=\"flex flex-col z-20 relative mt-4\"><div class=\"flex justify-between flex-col lg:flex-row min-h-[270px] mt-6 gap-8\"><a class=\"flex flex-col max-lg:pb-12 w-full last:pb-0\" href=\"https:\/\/saunas4ukraine.org\/wp-content\/uploads\/2025\/03\/Aruanne-Saun-3-Ukrainasse.pdf\" target=\"_blank\"><img loading=\"lazy\" decoding=\"async\" class=\"w-full mb-4 rounded-lg\" width=\"375\" height=\"300\" src=\"https:\/\/saunas4ukraine.org\/wp-content\/uploads\/fly-images\/366\/DSC02039-375x300-c.jpg\" alt=\"DSC02039\" draggable=\"false\"\/><h5 class=\"font-display text-2xl font-medium mb-4 text-black\">3rd sauna report<\/h5><div class=\"font-body font-normal text-lg text-black\">Loe siit!<\/div><\/a><a class=\"flex flex-col max-lg:pb-12 w-full last:pb-0\" href=\"https:\/\/saunas4ukraine.org\/wp-content\/uploads\/2025\/03\/Eesti-Saun-2-Ukrainasse-aruanne.pdf\" target=\"_blank\"><img loading=\"lazy\" decoding=\"async\" class=\"w-full mb-4 rounded-lg\" width=\"375\" height=\"300\" src=\"https:\/\/saunas4ukraine.org\/wp-content\/uploads\/fly-images\/236\/Pohipilt-v1-scaled-375x300-c.jpg\" alt=\"S\u00f5durid Ukraina rindel\" draggable=\"false\"\/><h5 class=\"font-display text-2xl font-medium mb-4 text-black\">2nd sauna report<\/h5><div class=\"font-body font-normal text-lg text-black\">Loe siit!<\/div><\/a><a class=\"flex flex-col max-lg:pb-12 w-full last:pb-0\" href=\"https:\/\/saunas4ukraine.org\/wp-content\/uploads\/2025\/03\/Eesti-Saun-1-Ukrainasse-aruanne.pdf\" target=\"_blank\"><img loading=\"lazy\" decoding=\"async\" class=\"w-full mb-4 rounded-lg\" width=\"375\" height=\"300\" src=\"https:\/\/saunas4ukraine.org\/wp-content\/uploads\/fly-images\/379\/20230223_201303-375x300-c.jpg\" alt=\"MT\u00dc Saunad Ukrainasse, toetajad ja vabatahtlikud\" draggable=\"false\"\/><h5 class=\"font-display text-2xl font-medium mb-4 text-black\">1st sauna report<\/h5><div class=\"font-body font-normal text-lg text-black\">Loe siit!<\/div><\/a><\/div><\/div><\/div>\n\n\n<p><\/p>\n","protected":false},"excerpt":{"rendered":"<p>Meie projekti l\u00e4bipaistvus ja m\u00f5ju on p\u00e4lvinud laialdast tunnustust \u2013 teiste seas Eesti presidendilt, juhtivatelt s\u00f5jav\u00e4elastelt ning rahvusvaheliselt meedialt. Siia oleme\u2026<\/p>\n","protected":false},"author":3,"featured_media":360,"parent":0,"menu_order":11,"comment_status":"closed","ping_status":"closed","template":"","meta":{"_acf_changed":false,"footnotes":""},"class_list":["post-470","page","type-page","status-publish","has-post-thumbnail","hentry"],"acf":[],"_links":{"self":[{"href":"https:\/\/saunas4ukraine.org\/et\/wp-json\/wp\/v2\/pages\/470","targetHints":{"allow":["GET"]}}],"collection":[{"href":"https:\/\/saunas4ukraine.org\/et\/wp-json\/wp\/v2\/pages"}],"about":[{"href":"https:\/\/saunas4ukraine.org\/et\/wp-json\/wp\/v2\/types\/page"}],"author":[{"embeddable":true,"href":"https:\/\/saunas4ukraine.org\/et\/wp-json\/wp\/v2\/users\/3"}],"replies":[{"embeddable":true,"href":"https:\/\/saunas4ukraine.org\/et\/wp-json\/wp\/v2\/comments?post=470"}],"version-history":[{"count":26,"href":"https:\/\/saunas4ukraine.org\/et\/wp-json\/wp\/v2\/pages\/470\/revisions"}],"predecessor-version":[{"id":1286,"href":"https:\/\/saunas4ukraine.org\/et\/wp-json\/wp\/v2\/pages\/470\/revisions\/1286"}],"wp:featuredmedia":[{"embeddable":true,"href":"https:\/\/saunas4ukraine.org\/et\/wp-json\/wp\/v2\/media\/360"}],"wp:attachment":[{"href":"https:\/\/saunas4ukraine.org\/et\/wp-json\/wp\/v2\/media?parent=470"}],"curies":[{"name":"wp","href":"https:\/\/api.w.org\/{rel}","templated":true}]}}